{"id":2820,"date":"2024-10-04T10:31:09","date_gmt":"2024-10-04T10:31:09","guid":{"rendered":"https:\/\/speed.luxador.ee\/?page_id=2820"},"modified":"2025-12-02T17:22:34","modified_gmt":"2025-12-02T14:22:34","slug":"about-us","status":"publish","type":"page","link":"https:\/\/speed.luxador.ee\/en\/about-us\/","title":{"rendered":"About us"},"content":{"rendered":"\t\t<div data-elementor-type=\"wp-page\" data-elementor-id=\"2820\" class=\"elementor elementor-2820\" data-elementor-post-type=\"page\">\n\t\t\t\t<div class=\"elementor-element elementor-element-2f180ff elementor-hidden-desktop elementor-hidden-laptop elementor-hidden-tablet_extra e-flex e-con-boxed e-con e-parent\" data-id=\"2f180ff\" data-element_type=\"container\" data-e-type=\"container\">\n\t\t\t\t\t<div class=\"e-con-inner\">\n\t\t<div class=\"elementor-element elementor-element-a9fc5dc e-flex e-con-boxed e-con e-child\" data-id=\"a9fc5dc\" data-element_type=\"container\" data-e-type=\"container\">\n\t\t\t\t\t<div class=\"e-con-inner\">\n\t\t\t\t<div class=\"elementor-element elementor-element-fd76faf elementor-widget elementor-widget-heading\" data-id=\"fd76faf\" data-element_type=\"widget\" data-e-type=\"widget\" data-widget_type=\"heading.default\">\n\t\t\t\t\t<h1 class=\"elementor-heading-title elementor-size-default\">Luxador \u2013 harmony in a healthy body\n<\/h1>\t\t\t\t<\/div>\n\t\t\t\t<div class=\"elementor-element elementor-element-4b5aac3 elementor-absolute title_line elementor-view-default elementor-widget elementor-widget-icon\" data-id=\"4b5aac3\" data-element_type=\"widget\" data-e-type=\"widget\" data-settings=\"{&quot;_position&quot;:&quot;absolute&quot;}\" data-widget_type=\"icon.default\">\n\t\t\t\t\t\t\t<div class=\"elementor-icon-wrapper\">\n\t\t\t<div class=\"elementor-icon\">\n\t\t\t<svg xmlns=\"http:\/\/www.w3.org\/2000\/svg\" width=\"144\" height=\"14\" viewBox=\"0 0 144 14\" fill=\"none\"><path fill-rule=\"evenodd\" clip-rule=\"evenodd\" d=\"M2.50556 13.9351C1.43686 14.2143 0.344166 13.5743 0.0649525 12.5056C-0.214261 11.4369 0.425742 10.3442 1.49444 10.065C45.4998 -1.43206 97.4263 -2.33315 142.261 3.56218C143.356 3.70618 144.127 4.7107 143.983 5.80584C143.839 6.90099 142.834 7.67204 141.739 7.52804C97.4129 1.69951 46.0142 2.5678 2.50556 13.9351Z\" fill=\"#EB5B67\"><\/path><\/svg>\t\t\t<\/div>\n\t\t<\/div>\n\t\t\t\t\t\t<\/div>\n\t\t\t\t\t<\/div>\n\t\t\t\t<\/div>\n\t\t\t\t\t<\/div>\n\t\t\t\t<\/div>\n\t\t<div class=\"elementor-element elementor-element-ff1e63b e-flex e-con-boxed e-con e-parent\" data-id=\"ff1e63b\" data-element_type=\"container\" data-e-type=\"container\">\n\t\t\t\t\t<div class=\"e-con-inner\">\n\t\t<div class=\"elementor-element elementor-element-f6ea78c e-flex e-con-boxed e-con e-child\" data-id=\"f6ea78c\" data-element_type=\"container\" data-e-type=\"container\">\n\t\t\t\t\t<div class=\"e-con-inner\">\n\t\t<div class=\"elementor-element elementor-element-bad6316 e-flex e-con-boxed e-con e-child\" data-id=\"bad6316\" data-element_type=\"container\" data-e-type=\"container\">\n\t\t\t\t\t<div class=\"e-con-inner\">\n\t\t<div class=\"elementor-element elementor-element-e3a5935 e-con-full e-flex e-con e-child\" data-id=\"e3a5935\" data-element_type=\"container\" data-e-type=\"container\">\n\t\t\t\t<div class=\"elementor-element elementor-element-6b15fd1 elementor-widget elementor-widget-image\" data-id=\"6b15fd1\" data-element_type=\"widget\" data-e-type=\"widget\" data-widget_type=\"image.default\">\n\t\t\t\t\t\t\t\t\t\t\t\t\t\t\t<img fetchpriority=\"high\" decoding=\"async\" width=\"2048\" height=\"1365\" src=\"https:\/\/speed.luxador.ee\/wp-content\/uploads\/2025\/02\/Meist1-scaled.jpg\" class=\"attachment-full size-full wp-image-9005\" alt=\"Elegantselt tantsiv naine p\u00e4ikesepaistes, \u00fcmbritsetud kuldsetest s\u00e4demetest. Kerge, energia ja harmoonia s\u00fcmbol \u2013 Luxadori filosoofia.\" srcset=\"https:\/\/speed.luxador.ee\/wp-content\/uploads\/2025\/02\/Meist1-scaled.jpg 2048w, https:\/\/speed.luxador.ee\/wp-content\/uploads\/2025\/02\/Meist1-300x200.jpg 300w, https:\/\/speed.luxador.ee\/wp-content\/uploads\/2025\/02\/Meist1-1024x683.jpg 1024w, https:\/\/speed.luxador.ee\/wp-content\/uploads\/2025\/02\/Meist1-768x512.jpg 768w, https:\/\/speed.luxador.ee\/wp-content\/uploads\/2025\/02\/Meist1-1536x1024.jpg 1536w, https:\/\/speed.luxador.ee\/wp-content\/uploads\/2025\/02\/Meist1-600x400.jpg 600w\" sizes=\"(max-width: 2048px) 100vw, 2048px\" \/>\t\t\t\t\t\t\t\t\t\t\t\t\t\t\t<\/div>\n\t\t\t\t<\/div>\n\t\t\t\t\t<\/div>\n\t\t\t\t<\/div>\n\t\t<div class=\"elementor-element elementor-element-87b474a e-con-full e-flex e-con e-child\" data-id=\"87b474a\" data-element_type=\"container\" data-e-type=\"container\">\n\t\t\t\t<div class=\"elementor-element elementor-element-5afe8d7 elementor-widget elementor-widget-heading\" data-id=\"5afe8d7\" data-element_type=\"widget\" data-e-type=\"widget\" data-widget_type=\"heading.default\">\n\t\t\t\t\t<h2 class=\"elementor-heading-title elementor-size-default\">Luxador \u2013 harmony in a healthy body<\/h2>\t\t\t\t<\/div>\n\t\t\t\t<div class=\"elementor-element elementor-element-3a86791 text-block elementor-widget elementor-widget-text-editor\" data-id=\"3a86791\" data-element_type=\"widget\" data-e-type=\"widget\" data-widget_type=\"text-editor.default\">\n\t\t\t\t\t\t\t\t\t<p>Luxador is an exclusive line of health products created especially for you if you seek uncompromising quality and care deeply about your well-being. Every Luxador product is crafted with care and dedication, using only the finest ingredients. Luxador products ensure maximum absorption and support the optimal functioning of your body and mind. Luxador is not just a dietary supplement\u2014it\u2019s a lifestyle that symbolizes strength, top quality, and constant forward momentum.<\/p>\t\t\t\t\t\t\t\t<\/div>\n\t\t\t\t<\/div>\n\t\t\t\t\t<\/div>\n\t\t\t\t<\/div>\n\t\t\t\t\t<\/div>\n\t\t\t\t<\/div>\n\t\t<div class=\"elementor-element elementor-element-66a5221 e-flex e-con-boxed e-con e-parent\" data-id=\"66a5221\" data-element_type=\"container\" data-e-type=\"container\">\n\t\t\t\t\t<div class=\"e-con-inner\">\n\t\t<div class=\"elementor-element elementor-element-4792e7e content_container e-flex e-con-boxed e-con e-child\" data-id=\"4792e7e\" data-element_type=\"container\" data-e-type=\"container\">\n\t\t\t\t\t<div class=\"e-con-inner\">\n\t\t<div class=\"elementor-element elementor-element-04d9dda e-con-full text_container e-flex e-con e-child\" data-id=\"04d9dda\" data-element_type=\"container\" data-e-type=\"container\">\n\t\t\t\t<div class=\"elementor-element elementor-element-e53120a elementor-widget elementor-widget-heading\" data-id=\"e53120a\" data-element_type=\"widget\" data-e-type=\"widget\" data-widget_type=\"heading.default\">\n\t\t\t\t\t<h2 class=\"elementor-heading-title elementor-size-default\">Innovative approach<\/h2>\t\t\t\t<\/div>\n\t\t\t\t<div class=\"elementor-element elementor-element-a514a9c text-block elementor-widget elementor-widget-text-editor\" data-id=\"a514a9c\" data-element_type=\"widget\" data-e-type=\"widget\" data-widget_type=\"text-editor.default\">\n\t\t\t\t\t\t\t\t\t<p>Your well-being always comes first for us. The efficacy and highest quality of our products are ensured by relying on the latest scientific evidence and close collaboration with leading physicians and pharmacists. Working with the field\u2019s top experts enables us to continually develop innovative products designed just for you. Luxador\u2019s goal is to help you achieve your ambitions and offer you the luxury your health deserves.<\/p>\t\t\t\t\t\t\t\t<\/div>\n\t\t\t\t<\/div>\n\t\t<div class=\"elementor-element elementor-element-93a9aa6 images_container e-flex e-con-boxed e-con e-child\" data-id=\"93a9aa6\" data-element_type=\"container\" data-e-type=\"container\">\n\t\t\t\t\t<div class=\"e-con-inner\">\n\t\t<div class=\"elementor-element elementor-element-c998e5f e-con-full e-flex e-con e-child\" data-id=\"c998e5f\" data-element_type=\"container\" data-e-type=\"container\">\n\t\t\t\t<div class=\"elementor-element elementor-element-5d89191 elementor-widget elementor-widget-image\" data-id=\"5d89191\" data-element_type=\"widget\" data-e-type=\"widget\" data-widget_type=\"image.default\">\n\t\t\t\t\t\t\t\t\t\t\t\t\t\t\t<img decoding=\"async\" width=\"2048\" height=\"1365\" src=\"https:\/\/speed.luxador.ee\/wp-content\/uploads\/2025\/02\/meist2-scaled.jpg\" class=\"attachment-full size-full wp-image-9008\" alt=\"Tarkus, teadus ja tervis \u2013 kogenud ekspert, kes tugineb uusimatele teadusuuringutele. Luxador \u2013 sinu heaolu esikohal.\" srcset=\"https:\/\/speed.luxador.ee\/wp-content\/uploads\/2025\/02\/meist2-scaled.jpg 2048w, https:\/\/speed.luxador.ee\/wp-content\/uploads\/2025\/02\/meist2-300x200.jpg 300w, https:\/\/speed.luxador.ee\/wp-content\/uploads\/2025\/02\/meist2-1024x683.jpg 1024w, https:\/\/speed.luxador.ee\/wp-content\/uploads\/2025\/02\/meist2-768x512.jpg 768w, https:\/\/speed.luxador.ee\/wp-content\/uploads\/2025\/02\/meist2-1536x1024.jpg 1536w, https:\/\/speed.luxador.ee\/wp-content\/uploads\/2025\/02\/meist2-600x400.jpg 600w\" sizes=\"(max-width: 2048px) 100vw, 2048px\" \/>\t\t\t\t\t\t\t\t\t\t\t\t\t\t\t<\/div>\n\t\t\t\t<\/div>\n\t\t\t\t\t<\/div>\n\t\t\t\t<\/div>\n\t\t\t\t\t<\/div>\n\t\t\t\t<\/div>\n\t\t\t\t\t<\/div>\n\t\t\t\t<\/div>\n\t\t<div class=\"elementor-element elementor-element-42d37f7 e-flex e-con-boxed e-con e-parent\" data-id=\"42d37f7\" data-element_type=\"container\" data-e-type=\"container\">\n\t\t\t\t\t<div class=\"e-con-inner\">\n\t\t<div class=\"elementor-element elementor-element-4d625ba e-flex e-con-boxed e-con e-child\" data-id=\"4d625ba\" data-element_type=\"container\" data-e-type=\"container\">\n\t\t\t\t\t<div class=\"e-con-inner\">\n\t\t<div class=\"elementor-element elementor-element-d50071b e-flex e-con-boxed e-con e-child\" data-id=\"d50071b\" data-element_type=\"container\" data-e-type=\"container\">\n\t\t\t\t\t<div class=\"e-con-inner\">\n\t\t<div class=\"elementor-element elementor-element-11f9b31 e-con-full e-flex e-con e-child\" data-id=\"11f9b31\" data-element_type=\"container\" data-e-type=\"container\">\n\t\t\t\t<div class=\"elementor-element elementor-element-de2ceb6 elementor-widget elementor-widget-image\" data-id=\"de2ceb6\" data-element_type=\"widget\" data-e-type=\"widget\" data-widget_type=\"image.default\">\n\t\t\t\t\t\t\t\t\t\t\t\t\t\t\t<img decoding=\"async\" width=\"2048\" height=\"1365\" src=\"https:\/\/speed.luxador.ee\/wp-content\/uploads\/2025\/02\/Meist3-scaled.jpg\" class=\"attachment-full size-full wp-image-9010\" alt=\"Puhtus, kvaliteet ja looduse j\u00f5ud \u2013 hoolikalt valitud koostisosad Luxadori toodetes. Ainult parim Sinu tervise heaks.\" srcset=\"https:\/\/speed.luxador.ee\/wp-content\/uploads\/2025\/02\/Meist3-scaled.jpg 2048w, https:\/\/speed.luxador.ee\/wp-content\/uploads\/2025\/02\/Meist3-300x200.jpg 300w, https:\/\/speed.luxador.ee\/wp-content\/uploads\/2025\/02\/Meist3-1024x683.jpg 1024w, https:\/\/speed.luxador.ee\/wp-content\/uploads\/2025\/02\/Meist3-768x512.jpg 768w, https:\/\/speed.luxador.ee\/wp-content\/uploads\/2025\/02\/Meist3-1536x1024.jpg 1536w, https:\/\/speed.luxador.ee\/wp-content\/uploads\/2025\/02\/Meist3-600x400.jpg 600w\" sizes=\"(max-width: 2048px) 100vw, 2048px\" \/>\t\t\t\t\t\t\t\t\t\t\t\t\t\t\t<\/div>\n\t\t\t\t<\/div>\n\t\t\t\t\t<\/div>\n\t\t\t\t<\/div>\n\t\t<div class=\"elementor-element elementor-element-dd89aeb e-con-full e-flex e-con e-child\" data-id=\"dd89aeb\" data-element_type=\"container\" data-e-type=\"container\">\n\t\t\t\t<div class=\"elementor-element elementor-element-f7c5be4 elementor-widget elementor-widget-heading\" data-id=\"f7c5be4\" data-element_type=\"widget\" data-e-type=\"widget\" data-widget_type=\"heading.default\">\n\t\t\t\t\t<h2 class=\"elementor-heading-title elementor-size-default\">Assured quality<\/h2>\t\t\t\t<\/div>\n\t\t\t\t<div class=\"elementor-element elementor-element-296892c text-block elementor-widget elementor-widget-text-editor\" data-id=\"296892c\" data-element_type=\"widget\" data-e-type=\"widget\" data-widget_type=\"text-editor.default\">\n\t\t\t\t\t\t\t\t\t<p>Quality and purity are at the heart of our products. We use only the best, rigorously vetted ingredients, ensuring that every stage meets the highest standards. Luxador is committed to delivering the best value and products whose effectiveness you can trust. We make no compromises\u2014quality always comes first. We believe everyone deserves the best possible health, because that is the true luxury we wish to offer you.<\/p>\t\t\t\t\t\t\t\t<\/div>\n\t\t\t\t<\/div>\n\t\t\t\t\t<\/div>\n\t\t\t\t<\/div>\n\t\t\t\t\t<\/div>\n\t\t\t\t<\/div>\n\t\t<div class=\"elementor-element elementor-element-69c9c7c e-flex e-con-boxed e-con e-parent\" data-id=\"69c9c7c\" data-element_type=\"container\" data-e-type=\"container\">\n\t\t\t\t\t<div class=\"e-con-inner\">\n\t\t<div class=\"elementor-element elementor-element-4e24546 content_container e-grid e-con-boxed e-con e-child\" data-id=\"4e24546\" data-element_type=\"container\" data-e-type=\"container\">\n\t\t\t\t\t<div class=\"e-con-inner\">\n\t\t<div class=\"elementor-element elementor-element-41f242c e-con-full text_container e-flex e-con e-child\" data-id=\"41f242c\" data-element_type=\"container\" data-e-type=\"container\">\n\t\t\t\t<div class=\"elementor-element elementor-element-4ea59cc elementor-widget elementor-widget-heading\" data-id=\"4ea59cc\" data-element_type=\"widget\" data-e-type=\"widget\" data-widget_type=\"heading.default\">\n\t\t\t\t\t<h2 class=\"elementor-heading-title elementor-size-default\">Our Story - the journey of three pharmacists to the top<\/h2>\t\t\t\t<\/div>\n\t\t\t\t<div class=\"elementor-element elementor-element-df4d6da text-block elementor-widget elementor-widget-text-editor\" data-id=\"df4d6da\" data-element_type=\"widget\" data-e-type=\"widget\" data-widget_type=\"text-editor.default\">\n\t\t\t\t\t\t\t\t\t<p>Our story began in 2007, when three pharmacy students at the University of Tartu decided to unite their passion for healthy living and effective therapeutic solutions. Their path was not easy, but those very challenges shaped and strengthened them\u2014something reflected today in the quality of our products.<\/p>\t\t\t\t\t\t\t\t<\/div>\n\t\t\t\t<\/div>\n\t\t<div class=\"elementor-element elementor-element-d053329 images_container e-flex e-con-boxed e-con e-child\" data-id=\"d053329\" data-element_type=\"container\" data-e-type=\"container\">\n\t\t\t\t\t<div class=\"e-con-inner\">\n\t\t<div class=\"elementor-element elementor-element-2851722 e-con-full e-flex e-con e-child\" data-id=\"2851722\" data-element_type=\"container\" data-e-type=\"container\">\n\t\t\t\t<div class=\"elementor-element elementor-element-3615a41 elementor-widget elementor-widget-image\" data-id=\"3615a41\" data-element_type=\"widget\" data-e-type=\"widget\" data-widget_type=\"image.default\">\n\t\t\t\t\t\t\t\t\t\t\t\t\t\t\t<img loading=\"lazy\" decoding=\"async\" width=\"2048\" height=\"1462\" src=\"https:\/\/speed.luxador.ee\/wp-content\/uploads\/2025\/02\/Meist4.jpg\" class=\"attachment-full size-full wp-image-9012\" alt=\"Luxadori asutajad \u2013 kirg tervise ja teaduse vastu alates 2007. aastast.\" srcset=\"https:\/\/speed.luxador.ee\/wp-content\/uploads\/2025\/02\/Meist4.jpg 2048w, https:\/\/speed.luxador.ee\/wp-content\/uploads\/2025\/02\/Meist4-300x214.jpg 300w, https:\/\/speed.luxador.ee\/wp-content\/uploads\/2025\/02\/Meist4-1024x731.jpg 1024w, https:\/\/speed.luxador.ee\/wp-content\/uploads\/2025\/02\/Meist4-768x548.jpg 768w, https:\/\/speed.luxador.ee\/wp-content\/uploads\/2025\/02\/Meist4-1536x1097.jpg 1536w, https:\/\/speed.luxador.ee\/wp-content\/uploads\/2025\/02\/Meist4-600x428.jpg 600w\" sizes=\"(max-width: 2048px) 100vw, 2048px\" \/>\t\t\t\t\t\t\t\t\t\t\t\t\t\t\t<\/div>\n\t\t\t\t<\/div>\n\t\t\t\t\t<\/div>\n\t\t\t\t<\/div>\n\t\t\t\t<div class=\"elementor-element elementor-element-f1fc0eb text-block elementor-widget elementor-widget-text-editor\" data-id=\"f1fc0eb\" data-element_type=\"widget\" data-e-type=\"widget\" data-widget_type=\"text-editor.default\">\n\t\t\t\t\t\t\t\t\t<p>Our dream was to offer people high-quality, effective health products grounded in both traditional knowledge and modern scientific research. Today, that dream has come true: the company has grown over the years and crossed national borders. Luxador products embody dedication, expertise, and resilience, along with the desire to bring you the very best that good health can offer.<\/p>\t\t\t\t\t\t\t\t<\/div>\n\t\t\t\t\t<\/div>\n\t\t\t\t<\/div>\n\t\t\t\t\t<\/div>\n\t\t\t\t<\/div>\n\t\t\t\t<\/div>\n\t\t","protected":false},"excerpt":{"rendered":"<p>Luxador \u2013 harmony in a healthy body Luxador \u2013 harmony in a healthy body Luxador is an exclusive line of health products created especially for you if you seek uncompromising quality and care deeply about your well-being. Every Luxador product is crafted with care and dedication, using only the finest ingredients. Luxador products ensure maximum [&hellip;]<\/p>\n","protected":false},"author":1,"featured_media":0,"parent":0,"menu_order":0,"comment_status":"closed","ping_status":"closed","template":"","meta":{"_acf_changed":false,"footnotes":""},"class_list":["post-2820","page","type-page","status-publish","hentry"],"acf":[],"yoast_head":"<!-- This site is optimized with the Yoast SEO plugin v26.9 - https:\/\/yoast.com\/product\/yoast-seo-wordpress\/ -->\n<title>About us - Luxador Tervisepood<\/title>\n<meta name=\"description\" content=\"Learn more about Luxador \u2013 your trusted partner in pharmaceuticals. Our mission, values, and approach to innovative solutions for health and business.\" \/>\n<meta name=\"robots\" content=\"noindex, follow, max-snippet:-1, max-image-preview:large, max-video-preview:-1\" \/>\n<meta property=\"og:locale\" content=\"en_US\" \/>\n<meta property=\"og:type\" content=\"article\" \/>\n<meta property=\"og:title\" content=\"About us - Luxador Tervisepood\" \/>\n<meta property=\"og:description\" content=\"Learn more about Luxador \u2013 your trusted partner in pharmaceuticals. Our mission, values, and approach to innovative solutions for health and business.\" \/>\n<meta property=\"og:url\" content=\"https:\/\/speed.luxador.ee\/en\/about-us\/\" \/>\n<meta property=\"og:site_name\" content=\"Luxador Tervisepood\" \/>\n<meta property=\"article:modified_time\" content=\"2025-12-02T14:22:34+00:00\" \/>\n<meta property=\"og:image\" content=\"https:\/\/speed.luxador.ee\/wp-content\/uploads\/2025\/02\/Meist1-scaled.jpg\" \/>\n\t<meta property=\"og:image:width\" content=\"2048\" \/>\n\t<meta property=\"og:image:height\" content=\"1365\" \/>\n\t<meta property=\"og:image:type\" content=\"image\/jpeg\" \/>\n<meta name=\"twitter:card\" content=\"summary_large_image\" \/>\n<meta name=\"twitter:label1\" content=\"Est. reading time\" \/>\n\t<meta name=\"twitter:data1\" content=\"2 minutes\" \/>\n<script type=\"application\/ld+json\" class=\"yoast-schema-graph\">{\"@context\":\"https:\/\/schema.org\",\"@graph\":[{\"@type\":\"WebPage\",\"@id\":\"https:\/\/speed.luxador.ee\/en\/about-us\/\",\"url\":\"https:\/\/speed.luxador.ee\/en\/about-us\/\",\"name\":\"About us - Luxador Tervisepood\",\"isPartOf\":{\"@id\":\"https:\/\/speed.luxador.ee\/en\/#website\"},\"primaryImageOfPage\":{\"@id\":\"https:\/\/speed.luxador.ee\/en\/about-us\/#primaryimage\"},\"image\":{\"@id\":\"https:\/\/speed.luxador.ee\/en\/about-us\/#primaryimage\"},\"thumbnailUrl\":\"https:\/\/speed.luxador.ee\/wp-content\/uploads\/2025\/02\/Meist1-scaled.jpg\",\"datePublished\":\"2024-10-04T10:31:09+00:00\",\"dateModified\":\"2025-12-02T14:22:34+00:00\",\"description\":\"Learn more about Luxador \u2013 your trusted partner in pharmaceuticals. Our mission, values, and approach to innovative solutions for health and business.\",\"breadcrumb\":{\"@id\":\"https:\/\/speed.luxador.ee\/en\/about-us\/#breadcrumb\"},\"inLanguage\":\"en-US\",\"potentialAction\":[{\"@type\":\"ReadAction\",\"target\":[\"https:\/\/speed.luxador.ee\/en\/about-us\/\"]}]},{\"@type\":\"ImageObject\",\"inLanguage\":\"en-US\",\"@id\":\"https:\/\/speed.luxador.ee\/en\/about-us\/#primaryimage\",\"url\":\"https:\/\/speed.luxador.ee\/wp-content\/uploads\/2025\/02\/Meist1-scaled.jpg\",\"contentUrl\":\"https:\/\/speed.luxador.ee\/wp-content\/uploads\/2025\/02\/Meist1-scaled.jpg\"},{\"@type\":\"BreadcrumbList\",\"@id\":\"https:\/\/speed.luxador.ee\/en\/about-us\/#breadcrumb\",\"itemListElement\":[{\"@type\":\"ListItem\",\"position\":1,\"name\":\"Home\",\"item\":\"https:\/\/speed.luxador.ee\/en\/home\/\"},{\"@type\":\"ListItem\",\"position\":2,\"name\":\"About us\"}]},{\"@type\":\"WebSite\",\"@id\":\"https:\/\/speed.luxador.ee\/en\/#website\",\"url\":\"https:\/\/speed.luxador.ee\/en\/\",\"name\":\"Luxador\",\"description\":\"\",\"publisher\":{\"@id\":\"https:\/\/speed.luxador.ee\/en\/#organization\"},\"potentialAction\":[{\"@type\":\"SearchAction\",\"target\":{\"@type\":\"EntryPoint\",\"urlTemplate\":\"https:\/\/speed.luxador.ee\/en\/?s={search_term_string}\"},\"query-input\":{\"@type\":\"PropertyValueSpecification\",\"valueRequired\":true,\"valueName\":\"search_term_string\"}}],\"inLanguage\":\"en-US\"},{\"@type\":\"Organization\",\"@id\":\"https:\/\/speed.luxador.ee\/en\/#organization\",\"name\":\"Luxador\",\"url\":\"https:\/\/speed.luxador.ee\/en\/\",\"logo\":{\"@type\":\"ImageObject\",\"inLanguage\":\"en-US\",\"@id\":\"https:\/\/speed.luxador.ee\/en\/#\/schema\/logo\/image\/\",\"url\":\"https:\/\/speed.luxador.ee\/wp-content\/uploads\/2024\/08\/Luxador-LOGO-01-1.svg\",\"contentUrl\":\"https:\/\/speed.luxador.ee\/wp-content\/uploads\/2024\/08\/Luxador-LOGO-01-1.svg\",\"width\":176,\"height\":48,\"caption\":\"Luxador\"},\"image\":{\"@id\":\"https:\/\/speed.luxador.ee\/en\/#\/schema\/logo\/image\/\"}}]}<\/script>\n<!-- \/ Yoast SEO plugin. -->","yoast_head_json":{"title":"About us - Luxador Tervisepood","description":"Learn more about Luxador \u2013 your trusted partner in pharmaceuticals. Our mission, values, and approach to innovative solutions for health and business.","robots":{"index":"noindex","follow":"follow","max-snippet":"max-snippet:-1","max-image-preview":"max-image-preview:large","max-video-preview":"max-video-preview:-1"},"og_locale":"en_US","og_type":"article","og_title":"About us - Luxador Tervisepood","og_description":"Learn more about Luxador \u2013 your trusted partner in pharmaceuticals. Our mission, values, and approach to innovative solutions for health and business.","og_url":"https:\/\/speed.luxador.ee\/en\/about-us\/","og_site_name":"Luxador Tervisepood","article_modified_time":"2025-12-02T14:22:34+00:00","og_image":[{"width":2048,"height":1365,"url":"https:\/\/speed.luxador.ee\/wp-content\/uploads\/2025\/02\/Meist1-scaled.jpg","type":"image\/jpeg"}],"twitter_card":"summary_large_image","twitter_misc":{"Est. reading time":"2 minutes"},"schema":{"@context":"https:\/\/schema.org","@graph":[{"@type":"WebPage","@id":"https:\/\/speed.luxador.ee\/en\/about-us\/","url":"https:\/\/speed.luxador.ee\/en\/about-us\/","name":"About us - Luxador Tervisepood","isPartOf":{"@id":"https:\/\/speed.luxador.ee\/en\/#website"},"primaryImageOfPage":{"@id":"https:\/\/speed.luxador.ee\/en\/about-us\/#primaryimage"},"image":{"@id":"https:\/\/speed.luxador.ee\/en\/about-us\/#primaryimage"},"thumbnailUrl":"https:\/\/speed.luxador.ee\/wp-content\/uploads\/2025\/02\/Meist1-scaled.jpg","datePublished":"2024-10-04T10:31:09+00:00","dateModified":"2025-12-02T14:22:34+00:00","description":"Learn more about Luxador \u2013 your trusted partner in pharmaceuticals. Our mission, values, and approach to innovative solutions for health and business.","breadcrumb":{"@id":"https:\/\/speed.luxador.ee\/en\/about-us\/#breadcrumb"},"inLanguage":"en-US","potentialAction":[{"@type":"ReadAction","target":["https:\/\/speed.luxador.ee\/en\/about-us\/"]}]},{"@type":"ImageObject","inLanguage":"en-US","@id":"https:\/\/speed.luxador.ee\/en\/about-us\/#primaryimage","url":"https:\/\/speed.luxador.ee\/wp-content\/uploads\/2025\/02\/Meist1-scaled.jpg","contentUrl":"https:\/\/speed.luxador.ee\/wp-content\/uploads\/2025\/02\/Meist1-scaled.jpg"},{"@type":"BreadcrumbList","@id":"https:\/\/speed.luxador.ee\/en\/about-us\/#breadcrumb","itemListElement":[{"@type":"ListItem","position":1,"name":"Home","item":"https:\/\/speed.luxador.ee\/en\/home\/"},{"@type":"ListItem","position":2,"name":"About us"}]},{"@type":"WebSite","@id":"https:\/\/speed.luxador.ee\/en\/#website","url":"https:\/\/speed.luxador.ee\/en\/","name":"Luxador","description":"","publisher":{"@id":"https:\/\/speed.luxador.ee\/en\/#organization"},"potentialAction":[{"@type":"SearchAction","target":{"@type":"EntryPoint","urlTemplate":"https:\/\/speed.luxador.ee\/en\/?s={search_term_string}"},"query-input":{"@type":"PropertyValueSpecification","valueRequired":true,"valueName":"search_term_string"}}],"inLanguage":"en-US"},{"@type":"Organization","@id":"https:\/\/speed.luxador.ee\/en\/#organization","name":"Luxador","url":"https:\/\/speed.luxador.ee\/en\/","logo":{"@type":"ImageObject","inLanguage":"en-US","@id":"https:\/\/speed.luxador.ee\/en\/#\/schema\/logo\/image\/","url":"https:\/\/speed.luxador.ee\/wp-content\/uploads\/2024\/08\/Luxador-LOGO-01-1.svg","contentUrl":"https:\/\/speed.luxador.ee\/wp-content\/uploads\/2024\/08\/Luxador-LOGO-01-1.svg","width":176,"height":48,"caption":"Luxador"},"image":{"@id":"https:\/\/speed.luxador.ee\/en\/#\/schema\/logo\/image\/"}}]}},"_links":{"self":[{"href":"https:\/\/speed.luxador.ee\/en\/wp-json\/wp\/v2\/pages\/2820","targetHints":{"allow":["GET"]}}],"collection":[{"href":"https:\/\/speed.luxador.ee\/en\/wp-json\/wp\/v2\/pages"}],"about":[{"href":"https:\/\/speed.luxador.ee\/en\/wp-json\/wp\/v2\/types\/page"}],"author":[{"embeddable":true,"href":"https:\/\/speed.luxador.ee\/en\/wp-json\/wp\/v2\/users\/1"}],"replies":[{"embeddable":true,"href":"https:\/\/speed.luxador.ee\/en\/wp-json\/wp\/v2\/comments?post=2820"}],"version-history":[{"count":0,"href":"https:\/\/speed.luxador.ee\/en\/wp-json\/wp\/v2\/pages\/2820\/revisions"}],"wp:attachment":[{"href":"https:\/\/speed.luxador.ee\/en\/wp-json\/wp\/v2\/media?parent=2820"}],"curies":[{"name":"wp","href":"https:\/\/api.w.org\/{rel}","templated":true}]}}